{"id":6743,"date":"2025-11-20T09:50:34","date_gmt":"2025-11-20T08:50:34","guid":{"rendered":"https:\/\/francebus.com\/?page_id=6743"},"modified":"2025-11-20T10:08:51","modified_gmt":"2025-11-20T09:08:51","slug":"terms-and-conditions-of-use-francebus","status":"publish","type":"page","link":"https:\/\/francebus.com\/en\/terms-and-conditions-of-use-francebus\/","title":{"rendered":"General Terms and Conditions of Use of the Francebus website"},"content":{"rendered":"\r\n<p>(Version 1.0 \u2013 Applicable \u00e0 compter du 01\/06\/2025)<\/p>\r\n\r\n\r\n<div class=\"wp-block-spacer\" style=\"height: 30px;\" aria-hidden=\"true\">\u00a0<\/div>\r\n\r\n\r\n<p class=\"p1\"><b>CONDITIONS GENERALES D\u2019UTILISATION CGU FRANCEBUS<\/b><\/p>\r\n<ol class=\"ol1\">\r\n\t<li class=\"li3\"><b><\/b><span class=\"s1\"><b>D\u00e9finitions<\/b><\/span><\/li>\r\n<\/ol>\r\n<p class=\"p4\"><b>Prestation : <\/b>d\u00e9signe l\u2019ensemble des Services dont la r\u00e9alisation est assum\u00e9e par FRANCEBUS au titre de ce Contrat, telles que pr\u00e9vues dans le Devis.<\/p>\r\n<p class=\"p4\"><b>Service : <\/b>d\u00e9signe l\u2019ensemble des services propos\u00e9s par FRANCEBUS relatifs au transport de personnes.<\/p>\r\n<p class=\"p4\"><b>FRANCEBUS : <\/b>d\u00e9signe la soci\u00e9t\u00e9 par actions simplifi\u00e9e (SAS) FRANCEBUS, enregistr\u00e9e au RCS d\u2019Antibes sous le num\u00e9ro 520 920 521 00066, au capital social de 16.500\u20ac, dont le si\u00e8ge social est situ\u00e9 2208 route de Grasse &#8211; 06600 ANTIBES, repr\u00e9sent\u00e9e par son Pr\u00e9sident France CAP (SIRET n\u00b0882 151 335 00024) elle-m\u00eame repr\u00e9sent\u00e9e par son Pr\u00e9sident, Monsieur Fabrice Dessaint, \u00e9ditrice du Site.<\/p>\r\n<p class=\"p4\"><b>Site : <\/b>d\u00e9signe le Site internet de FRANCEBUS accessible \u00e0 l\u2019adresse suivante : <a href=\"https:\/\/francebus.com\/\"><span class=\"s2\">https:\/\/francebus.com\/ <\/span><\/a>\u00a0 \u00a0ainsi que le Site internet de FRANCEBUS-WEDDING accessible \u00e0 l&rsquo;adresse suivante : <a href=\"https:\/\/francebus-wedding.com\" target=\"_blank\" rel=\"noopener\">https:\/\/francebus-wedding.com<\/a>.<\/p>\r\n<p class=\"p4\"><b>L\u2019Utilisateur<\/b>\u00a0: d\u00e9signe tout visiteur du Site, professionnel ou particulier, client ou non de FRANCEBUS.<\/p>\r\n<ol class=\"ol1\">\r\n\t<li class=\"li3\"><b><\/b><span class=\"s1\"><b>Objet<\/b><\/span><\/li>\r\n<\/ol>\r\n<p class=\"p4\">Ces CGU ont pour objet de d\u00e9finir les conditions d\u2019accessibilit\u00e9 et d\u2019utilisation du Site.<\/p>\r\n<ol class=\"ol1\">\r\n\t<li class=\"li3\"><b><\/b><span class=\"s1\"><b>Acceptation des Conditions G\u00e9n\u00e9rales d\u2019Utilisation<\/b><\/span><\/li>\r\n<\/ol>\r\n<p class=\"p4\">En acc\u00e9dant ou en utilisant le Site l\u2019Utilisateur accepte sans r\u00e9serve les pr\u00e9sentes Conditions G\u00e9n\u00e9rales d\u2019Utilisation du Site (ci-apr\u00e8s \u00ab\u00a0CGU\u00a0\u00bb).<\/p>\r\n<p class=\"p4\">FRANCEBUS se r\u00e9serve le droit de proc\u00e9der \u00e0 la mise \u00e0 jour de ces CGU \u00e0 tout moment et sans pr\u00e9avis.<\/p>\r\n<p class=\"p4\">Lors de l\u2019utilisation du Site, l\u2019Utilisateur est tenu de se r\u00e9f\u00e9rer r\u00e9guli\u00e8rement \u00e0 la derni\u00e8re version des CGU du Site.<\/p>\r\n<p class=\"p4\">Si l\u2019Utilisateur n\u2019accepte pas les modifications apport\u00e9es aux CGU, il doit cesser toute utilisation du Site.<\/p>\r\n<ol class=\"ol1\">\r\n\t<li class=\"li3\"><b><\/b><span class=\"s1\"><b>Informations disponibles sur le Site<\/b><\/span><\/li>\r\n<\/ol>\r\n<p class=\"p4\">Le Site a pour objectif de pr\u00e9senter FRANCEBUS et sa gamme de Services et Prestations.<\/p>\r\n<p class=\"p4\">FRANCEBUS met tout en \u0153uvre pour proposer des informations compl\u00e8tes et v\u00e9rifi\u00e9es, dans la limite de ses propres connaissances ou des informations mises \u00e0 sa disposition.<\/p>\r\n<p class=\"p4\">FRANCEBUS peut modifier les informations contenues dans ce Site relatives aux Services, Prestations, aux publications, aux sp\u00e9cifications techniques ou aux tarifs \u00e0 tout moment sans le moindre pr\u00e9avis.<\/p>\r\n<ol class=\"ol1\">\r\n\t<li class=\"li3\"><b><\/b><span class=\"s1\"><b>Propri\u00e9t\u00e9 intellectuelle<\/b><\/span><\/li>\r\n<\/ol>\r\n<p class=\"p5\"><b>5.1 <span class=\"Apple-converted-space\">\u00a0 <\/span>Droit d\u2019auteur<\/b><\/p>\r\n<p class=\"p4\">Le Site et chacun des \u00e9l\u00e9ments qui le compose, notamment sous forme de textes, photographies, images, ic\u00f4nes, sons, vid\u00e9os, logiciels, base de donn\u00e9es ou donn\u00e9es sont prot\u00e9g\u00e9s par le droit de la propri\u00e9t\u00e9 intellectuelle.<\/p>\r\n<p class=\"p4\">FRANCEBUS est titulaire de tous les droits de propri\u00e9t\u00e9 intellectuelle aff\u00e9rents au Site ou ses \u00e9l\u00e9ments.<\/p>\r\n<p class=\"p4\">Toute reproduction, repr\u00e9sentation, modification, transmission, publication, adaptation ou exploitation du Site ou de ses \u00e9l\u00e9ments, y compris des documents disponibles au t\u00e9l\u00e9chargement sur le Site, sur quelque support que ce soit et de quelque mani\u00e8re que ce soit, sans autorisation \u00e9crite et pr\u00e9alable de FRANCEBUS, est strictement interdite, exception faite des \u00e9l\u00e9ments express\u00e9ment d\u00e9sign\u00e9s comme libres de droits sur le Site.<\/p>\r\n<p class=\"p4\">La reproduction ou repr\u00e9sentation non substantielles des \u00e9l\u00e9ments sur lesquels FRANCEBUS dispose de droits de propri\u00e9t\u00e9 intellectuelle sont autoris\u00e9es \u00e0 des fins strictement priv\u00e9es et non commerciales.<\/p>\r\n<p class=\"p4\">La reproduction autoris\u00e9e des \u00e9l\u00e9ments sur lesquels FRANCEBUS dispose de droits de propri\u00e9t\u00e9 intellectuelle devra indiquer de mani\u00e8re apparente la source et le nom de l\u2019auteur du contenu reproduit.<\/p>\r\n<p class=\"p4\">FRANCEBUS se r\u00e9serve le droit d\u2019exercer les poursuites judiciaires civiles et p\u00e9nales, notamment en contrefa\u00e7on, \u00e0 l&rsquo;\u00e9gard de toute personne qui, directement ou indirectement, aurait port\u00e9 atteinte \u00e0 ses droits.<\/p>\r\n<p class=\"p5\"><b>5.2 <span class=\"Apple-converted-space\">\u00a0 <\/span>Droit des marques<\/b><\/p>\r\n<p class=\"p4\">Sauf mention contraire, les d\u00e9nominations sociales, logos, produits et marques reproduits ou cit\u00e9s dans le Site sont la propri\u00e9t\u00e9 de FRANCEBUS ou de ses partenaires.<\/p>\r\n<p class=\"p4\">Toute reproduction de ces signes, sans autorisation \u00e9crite et pr\u00e9alable de FRANCEBUS ou, le cas \u00e9ch\u00e9ant le titulaire des droits aff\u00e9rant \u00e0 ces signes, est interdite.<\/p>\r\n<p class=\"p5\"><b>5.3 <span class=\"Apple-converted-space\">\u00a0 <\/span>Droit de tiers<\/b><\/p>\r\n<p class=\"p4\">Si l\u2019Utilisateur constate qu&rsquo;une photographie ou tout autre \u00e9l\u00e9ment dont il d\u00e9tiendrait les droits appara\u00eet sur le Site, il lui appartient de contacter FRANCEBUS par courriel \u00e9crit adress\u00e9 \u00e0 l\u2019adresse suivante\u00a0: <a href=\"mailto:info@francebus.com\"><span class=\"s2\">info@francebus.com<\/span><\/a>.<\/p>\r\n<ol class=\"ol1\">\r\n\t<li class=\"li3\"><b><\/b><span class=\"s1\"><b>Donn\u00e9es \u00e0 caract\u00e8re personnel<\/b><\/span><\/li>\r\n<\/ol>\r\n<p class=\"p4\">Au cours de sa navigation sur le Site, l\u2019Utilisateur peut \u00eatre amen\u00e9 \u00e0 communiquer des informations personnelles le concernant.<\/p>\r\n<p class=\"p4\">FRANCEBUS s\u2019applique \u00e0 respecter les informations ainsi soumises et a mis en place une Charte Donn\u00e9es personnelles disponible \u00e0 l\u2019adresse suivante\u00a0: <span class=\"s3\">[lien vers la Charte Donn\u00e9es personnelles]. <\/span><\/p>\r\n<ol class=\"ol1\">\r\n\t<li class=\"li3\"><b><\/b><span class=\"s1\"><b>Cookies<\/b><\/span><\/li>\r\n<\/ol>\r\n<p class=\"p4\">Lors de sa premi\u00e8re visite sur le Site, l\u2019Utilisateur est amen\u00e9 \u00e0 installer des cookies sur son p\u00e9riph\u00e9rique de connexion.<\/p>\r\n<p class=\"p4\">Les cookies sont des fichiers informatiques install\u00e9s sur le disque dur d\u2019un p\u00e9riph\u00e9rique, utilis\u00e9s par le Site pour envoyer des informations au navigateur de l\u2019Utilisateur et permettant \u00e0 ce navigateur de renvoyer des informations au Site (par exemple un identifiant de session, le choix d\u2019une langue ou une date).<\/p>\r\n<p class=\"p4\">FRANCEBUS peut \u00eatre amen\u00e9 \u00e0 utiliser trois types de cookies :<\/p>\r\n<ul class=\"ul1\">\r\n\t<li class=\"li4\">Les Cookies fonctionnels obligatoires, n\u00e9cessaires au bon fonctionnement du Site, applications ou services de FRANCEBUS ;<\/li>\r\n\t<li class=\"li4\">Les Cookies statistiques qui permettent \u00e0 FRANCEBUS de collecter des informations relatives \u00e0 l\u2019utilisation faite du Site afin d\u2019am\u00e9liorer l\u2019ergonomie et les services du Site\u00a0;<\/li>\r\n\t<li class=\"li4\">Les Cookies marketing qui permettent \u00e0 FRANCEBUS d\u2019adresser \u00e0 l\u2019Utilisateur des publicit\u00e9s adapt\u00e9es \u00e0 ses centres d\u2019int\u00e9r\u00eats.<\/li>\r\n<\/ul>\r\n<p class=\"p4\">Les donn\u00e9es g\u00e9n\u00e9r\u00e9es par les Cookies concernent l\u2019utilisation faite du Site par l\u2019Utilisateur.<\/p>\r\n<p class=\"p4\">Lorsque l\u2019Utilisateur acc\u00e8de au Site, un bandeau l\u2019informant de la finalit\u00e9 des Cookies utilis\u00e9s, de la possibilit\u00e9 de personnaliser ses pr\u00e9f\u00e9rences et du fait que la poursuite de sa navigation vaut accord appara\u00eet.<\/p>\r\n<p class=\"p4\">La dur\u00e9e de consentement est au maximum de 13 mois et d\u00e9pend du Cookie utilis\u00e9. Les informations relatives \u00e0 chaque Cookie, ses fonctionnalit\u00e9s et sa dur\u00e9e de conservation sont pr\u00e9sent\u00e9es sur le Site, depuis l\u2019onglet \u00ab Param\u00e8tres de Cookies \u00bb du Site.<\/p>\r\n<p class=\"p4\">FRANCEBUS rappelle \u00e0 l\u2019Utilisateur qu\u2019il lui est conseill\u00e9 de supprimer r\u00e9guli\u00e8rement les Cookies de son terminal via son navigateur et qu\u2019\u00e0 ce titre plusieurs options sont possibles.<\/p>\r\n<p class=\"p4\">L\u2019Utilisateur peut en effet param\u00e9trer le navigateur de ses diff\u00e9rents terminaux afin d\u2019accepter tous les cookies, ou de les rejeter ou encore de choisir ceux qu\u2019il choisit d\u2019accepter ou de refuser selon l\u2019\u00e9metteur ou, au cas par cas, pr\u00e9alablement \u00e0 l\u2019installation des Cookies.<\/p>\r\n<p class=\"p4\">La configuration de chaque navigateur est diff\u00e9rente et peut \u00eatre trouv\u00e9e dans le menu d\u2019aide du navigateur utilis\u00e9 ou sur le site internet de celui-ci.<\/p>\r\n<p class=\"p4\">Lorsque que l\u2019Utilisateur s\u2019oppose \u00e0 l\u2019installation ou \u00e0 l\u2019utilisation d\u2019un Cookie, un Cookie de refus est install\u00e9 sur son terminal. La suppression de ce Cookie de refus ne permettra plus d\u2019identifier le refus de l\u2019Utilisateur.<\/p>\r\n<p class=\"p4\">Il en est de m\u00eame pour les Cookies de consentement install\u00e9s lorsque l\u2019Utilisateur consent \u00e0 l\u2019installation de Cookies.<\/p>\r\n<p class=\"p4\">Afin que les param\u00e8tres de consentement soient conserv\u00e9s, les Cookies de consentement ou de refus doivent \u00eatre conserv\u00e9s dans le terminal de l\u2019Utilisateur.<\/p>\r\n<ol class=\"ol1\">\r\n\t<li class=\"li3\"><b><\/b><span class=\"s1\"><b>Limitation de responsabilit\u00e9<\/b><\/span><\/li>\r\n<\/ol>\r\n<p class=\"p4\">FRANCEBUS ne saurait garantir l\u2019exactitude, l\u2019exhaustivit\u00e9 ou l\u2019actualit\u00e9 des informations contenues sur le Site, ni leur ad\u00e9quation avec les besoins de l\u2019Utilisateur.<\/p>\r\n<p class=\"p4\">L\u2019Utilisateur est responsable de l\u2019utilisation des informations contenues sur le Site et assume pleinement les risques li\u00e9s \u00e0 cette utilisation.<\/p>\r\n<p class=\"p4\">A ce titre, FRANCEBUS ne saurait \u00eatre tenu responsable de l\u2019utilisation faite des informations contenues sur le Site par l\u2019Utilisateur et des dommages directs ou indirects r\u00e9sultant de cette utilisation.<\/p>\r\n<p class=\"p4\">FRANCEBUS ne saurait \u00eatre tenu responsable\u00a0:<\/p>\r\n<ul class=\"ul1\">\r\n\t<li class=\"li4\">En cas de d\u00e9faillance ou probl\u00e9matique technique, informatique ou de compatibilit\u00e9 du Site avec le mat\u00e9riel utilis\u00e9 par l\u2019Utilisateur\u00a0;<\/li>\r\n\t<li class=\"li4\">Des dommages directs ou indirects, mat\u00e9riels ou immat\u00e9riels, r\u00e9sultant de l\u2019utilisation du Site, des erreurs, absence de disponibilit\u00e9 des informations ou de la pr\u00e9sence d\u2019un virus sur le Site\u00a0;<\/li>\r\n\t<li class=\"li4\">Des caract\u00e9ristiques intrins\u00e8ques d\u2019internet et notamment celles relatives au manque de fiabilit\u00e9 et au d\u00e9faut de s\u00e9curisation des informations y circulant.<\/li>\r\n<\/ul>\r\n<p class=\"p4\">En tout \u00e9tat de cause, il est express\u00e9ment rappel\u00e9 \u00e0 l\u2019Utilisateur qu\u2019il reste responsable de la protection de son mat\u00e9riel et de ses donn\u00e9es ainsi que de l\u2019utilisation qu\u2019il fait du Site et des Produits ou Services.<\/p>\r\n<ol class=\"ol1\">\r\n\t<li class=\"li3\"><b><\/b><span class=\"s1\"><b> Accessibilit\u00e9 du Site \u00e0 l\u2019\u00e9tranger<\/b><\/span><\/li>\r\n<\/ol>\r\n<p class=\"p4\">Le Site est accessible \u00e0 tout Visiteur, qui s\u2019engage \u00e0 en faire une utilisation conforme \u00e0 ces CGU.<\/p>\r\n<p class=\"p4\">Le Site est accessible \u00e0 partir de plusieurs pays dans le monde et peut contenir des r\u00e9f\u00e9rences \u00e0 des produits ou services que FRANCEBUS ne propose pas dans le pays de l\u2019Utilisateur.<\/p>\r\n<p class=\"p4\">FRANCEBUS ne saurait en aucun cas \u00eatre tenu d\u2019offrir ces produits ou services dans le pays de l\u2019Utilisateur.<\/p>\r\n<ol class=\"ol1\">\r\n\t<li class=\"li3\"><b><\/b><span class=\"s1\"><b>Liens hypertextes<\/b><\/span><\/li>\r\n<\/ol>\r\n<p class=\"p5\"><b>10.1 Liens hypertextes renvoyant vers des sites internet de tiers<\/b><\/p>\r\n<p class=\"p4\">Le Site contient des liens renvoyant vers des sites internet qui ne sont pas contr\u00f4l\u00e9s par FRANCEBUS.<\/p>\r\n<p class=\"p4\">Les liens figurant sur le Site sont propos\u00e9s en tant que services par FRANCEBUS et la d\u00e9cision de les activer appartient exclusivement \u00e0 l\u2019Utilisateur.<\/p>\r\n<p class=\"p4\">FRANCEBUS n\u2019est aucunement responsable des contenus des sites internet auxquels l\u2019Utilisateur acc\u00e8de par le Site.<\/p>\r\n<p class=\"p4\">FRANCEBUS ne saurait \u00eatre tenu responsable des dommages directs ou indirects, mat\u00e9riels ou immat\u00e9riels, r\u00e9sultant de l\u2019utilisation du site internet auquel l\u2019Utilisateur aurait acc\u00e9d\u00e9 par le Site, des erreurs, absence de disponibilit\u00e9 des informations ou de la pr\u00e9sence d\u2019un virus sur ce site.<\/p>\r\n<p class=\"p5\"><b>10.2 Liens hypertextes renvoyant vers le Site<\/b><\/p>\r\n<p class=\"p4\">Tout Utilisateur est autoris\u00e9 \u00e0 \u00e9tablir un lien hypertexte sur la page d&rsquo;accueil du Site \u00e0 condition qu\u2019il ne fasse pas appara\u00eetre le Site comme \u00e9tant le sien, ou en d\u00e9nature les contenus et que la mise en place de ce lien ne soit pas r\u00e9alis\u00e9e \u00e0 des fins commerciales ou publicitaires.<\/p>\r\n<p class=\"p4\">L\u2019Utilisateur est tenu d\u2019informer FRANCEBUS pr\u00e9alablement \u00e0 toute mise en place d\u2019un lien hypertexte renvoyant vers le Site en lui adressant un courriel \u00e0 l\u2019adresse suivante\u00a0: <a href=\"mailto:info@francebus.com\"><span class=\"s2\">info@francebus.com<\/span><\/a>.<\/p>\r\n<p class=\"p4\">Tout lien vers une page interne du Site (lien profond ou <i>deep link<\/i>) est soumis \u00e0 autorisation \u00e9crite pr\u00e9alable de la part de FRANCEBUS et devra faire appara\u00eetre de mani\u00e8re claire et non \u00e9quivoque l&rsquo;URL de la page cibl\u00e9e.<\/p>\r\n<p class=\"p4\">FRANCEBUS se r\u00e9serve le droit de faire supprimer \u00e0 tout moment un lien hypertexte pointant vers son Site si FRANCEBUS l\u2019estime non conforme \u00e0 sa politique \u00e9ditoriale.<\/p>\r\n<ol class=\"ol1\">\r\n\t<li class=\"li3\"><b><\/b><span class=\"s1\"><b>Mise \u00e0 jour des CGU<\/b><\/span><\/li>\r\n<\/ol>\r\n<p class=\"p4\">FRANCEBUS se r\u00e9serve le droit de proc\u00e9der \u00e0 la mise \u00e0 jour de ces CGU \u00e0 tout moment et sans pr\u00e9avis.<\/p>\r\n<p class=\"p4\">Lors de l\u2019utilisation du Site, l\u2019Utilisateur est tenu de se r\u00e9f\u00e9rer r\u00e9guli\u00e8rement aux derni\u00e8res CGU du Site, accessibles \u00e0 tout moment sur le Site.<\/p>\r\n<ol class=\"ol1\">\r\n\t<li class=\"li3\"><b><\/b><span class=\"s1\"><b>Renonciation et divisibilit\u00e9<\/b><\/span><\/li>\r\n<\/ol>\r\n<p class=\"p4\">Ne constitue pas une renonciation \u00e0 une disposition de ces CGU le fait pour FRANCEBUS de ne pas respecter ou faire respecter ladite disposition.<\/p>\r\n<p class=\"p4\">Dans le cas o\u00f9 une disposition de ces CGU serait d\u00e9clar\u00e9e invalide ou inapplicable, FRANCEBUS s\u2019engage \u00e0 modifier cette disposition afin de la rendre valide ou applicable, sans que cette modification n\u2019affecte les autres dispositions des CGU.<\/p>\r\n<ol class=\"ol1\">\r\n\t<li class=\"li3\"><b><\/b><span class=\"s1\"><b>Loi Applicable<\/b><\/span><\/li>\r\n<\/ol>\r\n<p class=\"p4\">Ces CGU sont r\u00e9gies et soumises au droit fran\u00e7ais.<\/p>\r\n<p class=\"p4\">Tout litige relatif \u00e0 la conclusion, l\u2019interpr\u00e9tation, l\u2019ex\u00e9cution ou la cessation de ces CGU fera l\u2019objet d\u2019une recherche d\u2019accord amiable.<\/p>\r\n<p class=\"p4\">Tout litige qui surviendrait entre les parties du fait de la conclusion, l\u2019interpr\u00e9tation ou de l\u2019ex\u00e9cution de ces CGU sera r\u00e9solu par les Tribunaux comp\u00e9tents d\u00e9termin\u00e9s selon les r\u00e8gles de droit commun.<\/p>\r\n","protected":false},"excerpt":{"rendered":"<p>(Version 1.0 \u2013 Applicable \u00e0 compter du 01\/06\/2025) CONDITIONS GENERALES D\u2019UTILISATION CGU FRANCEBUS D\u00e9finitions Prestation : d\u00e9signe l\u2019ensemble des Services dont la r\u00e9alisation est assum\u00e9e par FRANCEBUS au titre de ce Contrat, telles que pr\u00e9vues dans le Devis. Service : d\u00e9signe l\u2019ensemble des services propos\u00e9s par FRANCEBUS relatifs au transport de personnes. FRANCEBUS : d\u00e9signe [&hellip;]<\/p>\n","protected":false},"author":2,"featured_media":0,"parent":0,"menu_order":0,"comment_status":"closed","ping_status":"closed","template":"","meta":{"_jf_save_progress":"","footnotes":""},"class_list":["post-6743","page","type-page","status-publish","hentry"],"_links":{"self":[{"href":"https:\/\/francebus.com\/en\/wp-json\/wp\/v2\/pages\/6743","targetHints":{"allow":["GET"]}}],"collection":[{"href":"https:\/\/francebus.com\/en\/wp-json\/wp\/v2\/pages"}],"about":[{"href":"https:\/\/francebus.com\/en\/wp-json\/wp\/v2\/types\/page"}],"author":[{"embeddable":true,"href":"https:\/\/francebus.com\/en\/wp-json\/wp\/v2\/users\/2"}],"replies":[{"embeddable":true,"href":"https:\/\/francebus.com\/en\/wp-json\/wp\/v2\/comments?post=6743"}],"version-history":[{"count":0,"href":"https:\/\/francebus.com\/en\/wp-json\/wp\/v2\/pages\/6743\/revisions"}],"wp:attachment":[{"href":"https:\/\/francebus.com\/en\/wp-json\/wp\/v2\/media?parent=6743"}],"curies":[{"name":"wp","href":"https:\/\/api.w.org\/{rel}","templated":true}]}}