{"id":4489,"date":"2025-06-10T15:34:05","date_gmt":"2025-06-10T13:34:05","guid":{"rendered":"https:\/\/francebus.com\/?page_id=4489"},"modified":"2025-06-10T16:09:14","modified_gmt":"2025-06-10T14:09:14","slug":"legal-notices","status":"publish","type":"page","link":"https:\/\/francebus.com\/en\/legal-notices\/","title":{"rendered":"Legal Notice"},"content":{"rendered":"<div style=\"height:50px\" aria-hidden=\"true\" class=\"wp-block-spacer\"><\/div>\n\n\n\n<p>The Site is published by:&nbsp;&nbsp;<\/p>\n\n\n\n<p class=\"has-text-align-left\"><strong>FRANCEBUS<\/strong><\/p>\n\n\n\n<p>Simplified joint-stock company (SAS)<\/p>\n\n\n\n<p>Registered with the RCS of Antibes under number 520 920 521 00058<\/p>\n\n\n\n<p>With share capital of \u20ac16,500<\/p>\n\n\n\n<div style=\"height:10px\" aria-hidden=\"true\" class=\"wp-block-spacer\"><\/div>\n\n\n\n<p><strong>Head office&nbsp;<\/strong><\/p>\n\n\n\n<p>2208 route de Grasse<\/p>\n\n\n\n<p>06600 Antibes<\/p>\n\n\n\n<p>France<\/p>\n\n\n\n<div style=\"height:10px\" aria-hidden=\"true\" class=\"wp-block-spacer\"><\/div>\n\n\n\n<p><strong>Contact<\/strong><\/p>\n\n\n\n<p>E-mail address :&nbsp;<a href=\"mailto:info@francebus.com\">info@francebus.com<\/a><\/p>\n\n\n\n<div style=\"height:10px\" aria-hidden=\"true\" class=\"wp-block-spacer\"><\/div>\n\n\n\n<p><strong> Publication Director<\/strong><\/p>\n\n\n\n<p>Mr. Fabrice Dessaint<\/p>\n\n\n\n<div style=\"height:30px\" aria-hidden=\"true\" class=\"wp-block-spacer\"><\/div>\n\n\n\n<p>The Site is hosted by:&nbsp;<\/p>\n\n\n\n<p><strong>INFOMANIAK NETWORK SA<\/strong><\/p>\n\n\n\n<div style=\"height:10px\" aria-hidden=\"true\" class=\"wp-block-spacer\"><\/div>\n\n\n\n<p>Swiss public limited company (SA)&nbsp;<\/p>\n\n\n\n<div style=\"height:10px\" aria-hidden=\"true\" class=\"wp-block-spacer\"><\/div>\n\n\n\n<p><strong>Head office&nbsp;<\/strong><\/p>\n\n\n\n<p>25 rue Eug\u00e8ne Marziano<\/p>\n\n\n\n<p>1227 Les Acacias (Geneva)<\/p>\n\n\n\n<p>Swiss<\/p>\n\n\n\n<p><strong>Commercial Register of the Canton of Geneva<\/strong><\/p>\n\n\n\n<p>CH-660.0.059.996-1<\/p>\n\n\n\n<p><strong>ID number<\/strong><\/p>\n\n\n\n<p>CHE-103.167.648<\/p>\n\n\n\n<div style=\"height:100px\" aria-hidden=\"true\" class=\"wp-block-spacer\"><\/div>","protected":false},"excerpt":{"rendered":"<p>Le Site est \u00e9dit\u00e9 par&nbsp;:&nbsp;&nbsp; FRANCEBUS Soci\u00e9t\u00e9 par actions simplifi\u00e9e (SAS) Enregistr\u00e9e au RCS d\u2019Antibes sous le num\u00e9ro 520 920 521 00058 Au capital social de&nbsp;16.500\u20ac Si\u00e8ge social&nbsp; 2208 route de Grasse 06600 Antibes France Contact Adresse e-mail&nbsp;:&nbsp;info@francebus.com Directeur de publication Monsieur Fabrice Dessaint Le Site est h\u00e9berg\u00e9 par&nbsp;:&nbsp; INFOMANIAK NETWORK SA Soci\u00e9t\u00e9 anonyme (SA) [&hellip;]<\/p>\n","protected":false},"author":5,"featured_media":0,"parent":0,"menu_order":0,"comment_status":"closed","ping_status":"closed","template":"","meta":{"_jf_save_progress":"","footnotes":""},"class_list":["post-4489","page","type-page","status-publish","hentry"],"_links":{"self":[{"href":"https:\/\/francebus.com\/en\/wp-json\/wp\/v2\/pages\/4489","targetHints":{"allow":["GET"]}}],"collection":[{"href":"https:\/\/francebus.com\/en\/wp-json\/wp\/v2\/pages"}],"about":[{"href":"https:\/\/francebus.com\/en\/wp-json\/wp\/v2\/types\/page"}],"author":[{"embeddable":true,"href":"https:\/\/francebus.com\/en\/wp-json\/wp\/v2\/users\/5"}],"replies":[{"embeddable":true,"href":"https:\/\/francebus.com\/en\/wp-json\/wp\/v2\/comments?post=4489"}],"version-history":[{"count":0,"href":"https:\/\/francebus.com\/en\/wp-json\/wp\/v2\/pages\/4489\/revisions"}],"wp:attachment":[{"href":"https:\/\/francebus.com\/en\/wp-json\/wp\/v2\/media?parent=4489"}],"curies":[{"name":"wp","href":"https:\/\/api.w.org\/{rel}","templated":true}]}}